{"id":22111,"date":"2025-08-12T12:40:42","date_gmt":"2025-08-12T12:40:42","guid":{"rendered":"https:\/\/casino3.myrwds.net\/?page_id=22111"},"modified":"2025-09-05T13:23:49","modified_gmt":"2025-09-05T13:23:49","slug":"responsible-gambing","status":"publish","type":"page","link":"https:\/\/gustabets.com\/tr\/responsible-gambing\/","title":{"rendered":"Sorumlu Oyun"},"content":{"rendered":"<div class=\"fusion-fullwidth fullwidth-box fusion-builder-row-1 fusion-flex-container has-pattern-background has-mask-background home-right no-promo hundred-percent-fullwidth non-hundred-percent-height-scrolling\" style=\"--awb-border-radius-top-left:0px;--awb-border-radius-top-right:0px;--awb-border-radius-bottom-right:0px;--awb-border-radius-bottom-left:0px;--awb-margin-top:65px;--awb-margin-top-small:0px;\" ><div class=\"fusion-builder-row fusion-row fusion-flex-align-items-flex-start\" style=\"width:104% !important;max-width:104% !important;margin-left: calc(-4% \/ 2 );margin-right: calc(-4% \/ 2 );\"><div class=\"fusion-layout-column fusion_builder_column fusion-builder-column-0 fusion_builder_column_1_1 1_1 fusion-flex-column home-right\" style=\"--awb-bg-size:cover;--awb-width-large:100%;--awb-spacing-right-large:1.92%;--awb-spacing-left-large:1.92%;--awb-width-medium:100%;--awb-order-medium:0;--awb-spacing-right-medium:1.92%;--awb-spacing-left-medium:1.92%;--awb-width-small:100%;--awb-order-small:0;--awb-spacing-right-small:1.92%;--awb-spacing-left-small:1.92%;\"><div class=\"fusion-column-wrapper fusion-column-has-shadow fusion-flex-justify-content-flex-start fusion-content-layout-column\"><div class=\"fusion-text fusion-text-1\" style=\"--awb-font-size:13px;--awb-text-color:#ffffff;\"><h3 data-start=\"153\" data-end=\"179\"><strong data-start=\"153\" data-end=\"177\">RESPONSIBLE GAMBLING<\/strong><\/h3>\n<p data-start=\"181\" data-end=\"212\"><em data-start=\"181\" data-end=\"210\">Son g\u00fcncelleme: Kas\u0131m 2024<\/em><\/p>\n<h4 data-start=\"214\" data-end=\"274\"><strong data-start=\"214\" data-end=\"272\">L\u00dcTFEN KEND\u0130 YARARINIZ \u0130\u00c7\u0130N BU POL\u0130T\u0130KAYI D\u0130KKATL\u0130CE OKUYUN<\/strong><\/h4>\n<p data-start=\"276\" data-end=\"434\">E\u011flenceniz en \u00f6nemli \u00f6nceli\u011fimiz olsa da, MEDIAL N.V (\u201c\u015eirket\u201d, \u201cbiz\u201d ve\/veya \u201cbize\u201d) her zaman sorumlu \u015fekilde kumar oynaman\u0131z\u0131 \u00f6nemle tavsiye eder.<\/p>\n<p data-start=\"436\" data-end=\"970\">Gambling at <strong data-start=\"448\" data-end=\"466\"><a class=\"\" href=\"http:\/\/www.casino.com\" target=\"_new\" rel=\"noopener\" data-start=\"450\" data-end=\"464\">www.casino.com<\/a><\/strong> (\u201cCasino\u201d ve\/veya \u201cWeb Sitesi\u201d) kumar, \u00e7o\u011fu kullan\u0131c\u0131m\u0131z i\u00e7in e\u011flence, keyif ve heyecan kayna\u011f\u0131 olarak tasarlanm\u0131\u015ft\u0131r. Ancak, baz\u0131 ki\u015filer i\u00e7in kumar olumsuz sonu\u00e7lara yol a\u00e7abilir. <strong data-start=\"678\" data-end=\"688\">Casino olarak,<\/strong>kumar\u0131n hem olumlu hem de olumsuz etkilerini anlamaya kararl\u0131y\u0131z. Olas\u0131 zararlar\u0131 en aza indirmek ve ihtiyac\u0131 olanlar\u0131 desteklemek i\u00e7in gerekli ara\u00e7 ve kaynaklar\u0131 sa\u011flamaya devam ediyoruz, b\u00f6ylece daha g\u00fcvenli ve sorumlu bir oyun ortam\u0131 sunuyoruz.<\/p>\n<p data-start=\"972\" data-end=\"1379\">Ayr\u0131ca Casino olarak <strong data-start=\"988\" data-end=\"998\">Casino olarak,<\/strong>sorumlu kumar\u0131 te\u015fvik etmeye ve kumar ba\u011f\u0131ml\u0131l\u0131\u011f\u0131 ile onun \u00f6nlenmesi konusunda fark\u0131ndal\u0131k yaratmaya kararl\u0131y\u0131z. Kullan\u0131c\u0131lar\u0131m\u0131z\u0131n bilin\u00e7li ve sorumlu kararlar almas\u0131n\u0131 desteklemek amac\u0131yla t\u00fcm personelimize kapsaml\u0131 e\u011fitimler veriyor; b\u00f6ylece kumarla ilgili sorun geli\u015ftirme riski ta\u015f\u0131yabilecek ki\u015fileri tespit etmek ve onlara yard\u0131mc\u0131 olmak i\u00e7in gerekli bilgi ve becerilerle donat\u0131yoruz.<\/p>\n<h4 data-start=\"1386\" data-end=\"1431\">Sorumlu Kumar \u0130\u00e7in Faydal\u0131 \u0130pu\u00e7lar\u0131<\/h4>\n<p data-start=\"1433\" data-end=\"1559\">Kumar\u0131 e\u011flenceli ve keyifli bir aktivite olarak tutmak i\u00e7in ba\u015flamadan \u00f6nce a\u015fa\u011f\u0131daki ipu\u00e7lar\u0131n\u0131 dikkate alman\u0131z\u0131 \u00f6neriyoruz:<\/p>\n<p data-start=\"1561\" data-end=\"2326\"><strong data-start=\"1561\" data-end=\"1585\">Bir para yat\u0131rma limiti belirleyin:<\/strong><br data-start=\"1585\" data-end=\"1588\" \/>Kumara ba\u015flamadan \u00f6nce, mali durumunuza g\u00f6re ne kadar harcayabilece\u011finizi de\u011ferlendirin. Her zaman b\u00fct\u00e7eniz dahilinde ve sadece e\u011flence ama\u00e7l\u0131 tutarlarla oynay\u0131n. Sistemimiz, hesap ayarlar\u0131 \u00fczerinden g\u00fcnl\u00fck, haftal\u0131k veya ayl\u0131k para yat\u0131rma limitleri belirlemenize olanak tan\u0131r. Bu limitler diledi\u011finiz zaman de\u011fi\u015ftirilebilir.Limit art\u0131r\u0131mlar\u0131 veya kald\u0131rmalar\u0131 24 saat sonra ge\u00e7erli olurken, d\u00fc\u015f\u00fcrmeler an\u0131nda uygulan\u0131r. \u201cPara yat\u0131rma limitlerini y\u00f6net\u201d sayfas\u0131nda \u201cUygula\u201dya t\u0131klad\u0131\u011f\u0131n\u0131zda t\u00fcm de\u011fi\u015fiklikler otomatik olarak uygulan\u0131r. <strong data-start=\"2065\" data-end=\"2076\">&#8220;Apply&#8221;<\/strong> on the <strong data-start=\"2084\" data-end=\"2111\">&#8220;Manage deposit limits&#8221;<\/strong> page. The default setting is no limit, but we encourage you to use this feature to stay in control of your spending. For more details on deposit limits and self-exclusion, refer to our <strong data-start=\"2297\" data-end=\"2315\">Self-Exclusion<\/strong> section.<\/p>\n<p data-start=\"2328\" data-end=\"2803\"><strong data-start=\"2328\" data-end=\"2348\">Bahis limitleri:<\/strong><br data-start=\"2348\" data-end=\"2351\" \/>Ayr\u0131ca belirli bir s\u00fcre zarf\u0131nda yap\u0131lan toplam bahis miktar\u0131n\u0131 kontrol eden g\u00fcnl\u00fck, haftal\u0131k veya ayl\u0131k bahis limitleri de belirleyebilirsiniz. Para yat\u0131rma limitlerinde oldu\u011fu gibi, bunlar da hesap ayarlar\u0131ndan y\u00f6netilebilir ve art\u0131rma, d\u00fc\u015f\u00fcrme ve varsay\u0131lan ayarlarla ilgili ayn\u0131 kurallara tabidir. Bahislerinizin e\u011flence b\u00fct\u00e7enize uygun olmas\u0131n\u0131 sa\u011flamak i\u00e7in bu arac\u0131 kullan\u0131n. \u201cBahis limitlerini y\u00f6net\u201d sayfas\u0131nda \u201cUygula\u201dya t\u0131klad\u0131\u011f\u0131n\u0131zda t\u00fcm de\u011fi\u015fiklikler otomatik olarak uygulan\u0131r. <strong data-start=\"2748\" data-end=\"2759\">&#8220;Apply&#8221;<\/strong> on the <strong data-start=\"2767\" data-end=\"2795\">\u201cBahis limitlerini y\u00f6net\u201d<\/strong> page.<\/p>\n<h4 data-start=\"2810\" data-end=\"2831\">Kendi kendini k\u0131s\u0131tlama:<\/h4>\n<p data-start=\"2833\" data-end=\"3120\">E\u011fer \u00e7evrimi\u00e7i kumardan uzakla\u015fmaya ihtiya\u00e7 duyuyorsan\u0131z, ihtiyac\u0131n\u0131za uygun bir s\u00fcre i\u00e7in kendi kendinizi k\u0131s\u0131tlama se\u00e7ene\u011fini kullanabilirsiniz. Kendi kendini k\u0131s\u0131tlama s\u00fcresi boyunca web sitesine eri\u015femezsiniz. Bu ki\u015fisel bir karard\u0131r ve kumar kompulsif hale gelmeye ba\u015flad\u0131\u011f\u0131nda etkili bir ara\u00e7t\u0131r.<\/p>\n<p data-start=\"3122\" data-end=\"3661\">Kendi kendini k\u0131s\u0131tlama talebinde bulunmak i\u00e7in www.casino.com adresinden destek ekibimizle ileti\u015fime ge\u00e7erek istedi\u011finiz s\u00fcreyi belirtin. <strong data-start=\"3184\" data-end=\"3202\"><a class=\"\" href=\"http:\/\/www.casino.com\" target=\"_new\" rel=\"noopener\" data-start=\"3186\" data-end=\"3200\">www.casino.com<\/a><\/strong> Ekibimiz talebinizi h\u0131zl\u0131ca onaylayacak, kendi kendini k\u0131s\u0131tlaman\u0131n sonu\u00e7lar\u0131n\u0131 a\u00e7\u0131klayacak ve ihtiya\u00e7 duyabilece\u011finiz ek deste\u011fi sa\u011flayacakt\u0131r. L\u00fctfen unutmay\u0131n, kendi kendini k\u0131s\u0131tlama s\u00fcresi bitmeden geri al\u0131namaz. Bu s\u00fcre zarf\u0131nda yeni hesap a\u00e7mak yasakt\u0131r ve kal\u0131c\u0131 yasakla sonu\u00e7lanabilir. Hesab\u0131n\u0131z yaln\u0131zca kendi kendini k\u0131s\u0131tlama s\u00fcresi sona erdikten sonra bizimle ileti\u015fime ge\u00e7ip talepte bulunman\u0131z halinde yeniden a\u00e7\u0131l\u0131r.<\/p>\n<h4 data-start=\"3668\" data-end=\"3711\">K\u00fc\u00e7\u00fcklerin korunmas\u0131 ve ya\u015f alt\u0131 eri\u015fim:<\/h4>\n<p data-start=\"3713\" data-end=\"4256\">Vi forbyr strengt enhver form for pengespill fra personer under 18 \u00e5r. Vi gjennomf\u00f8rer identitetssjekker for \u00e5 bekrefte alderen til v\u00e5re brukere. Dersom en mindre\u00e5rig blir oppdaget \u00e5 bruke v\u00e5r plattform, vil kontoen deres bli l\u00e5st og eventuelle midler inndratt. Vi oppfordrer foreldre og foresatte til \u00e5 ta n\u00f8dvendige skritt for \u00e5 hindre at mindre\u00e5rige f\u00e5r tilgang til pengespillsider ved \u00e5 sikre innloggingsdetaljer og bruke internettfiltreringsverkt\u00f8y som <strong data-start=\"4094\" data-end=\"4107\">Net Nanny<\/strong> veya <strong data-start=\"4111\" data-end=\"4127\">Cyber Patrol<\/strong>\u0130nternet g\u00fcvenli\u011fi hakk\u0131nda daha fazla bilgi i\u00e7in www.fosi.org adresindeki Aile \u00c7evrimi\u00e7i G\u00fcvenlik Enstit\u00fcs\u00fc\u2019n\u00fc ziyaret edin. <strong data-start=\"4180\" data-end=\"4214\">Family Online Safety Institute<\/strong> at <a class=\"\" href=\"http:\/\/www.fosi.org\" target=\"_new\" rel=\"noopener\" data-start=\"4218\" data-end=\"4253\">www.fosi.org<\/a>.<\/p>\n<h4 data-start=\"4263\" data-end=\"4288\">Kontrol\u00fc S\u00fcrd\u00fcrmek<\/h4>\n<p data-start=\"4290\" data-end=\"4454\">\u00c7o\u011fu kullan\u0131c\u0131m\u0131z sorumlu bir \u015fekilde kumar oynasa da, baz\u0131lar\u0131 i\u00e7in kontrol\u00fc s\u00fcrd\u00fcrmek zor olabilir. Bu nedenle a\u015fa\u011f\u0131daki noktalar\u0131 g\u00f6z \u00f6n\u00fcnde bulundurman\u0131z\u0131 \u00f6neriyoruz:<\/p>\n<ul>\n<li data-start=\"4458\" data-end=\"4526\">Kumar\u0131 bir gelir kayna\u011f\u0131 de\u011fil, bir e\u011flence bi\u00e7imi olarak g\u00f6r\u00fcn.<\/li>\n<li data-start=\"4529\" data-end=\"4596\">Kaybetmeyi g\u00f6ze alamayaca\u011f\u0131n\u0131z parayla kumar oynamay\u0131n ve kay\u0131plar\u0131n\u0131z\u0131 telafi etmeye \u00e7al\u0131\u015fmay\u0131n.<\/li>\n<li data-start=\"4599\" data-end=\"4647\">Kumarda harcad\u0131\u011f\u0131n\u0131z zaman\u0131 ve paray\u0131 takip edin.<\/li>\n<li data-start=\"4650\" data-end=\"4726\">Harcamalar\u0131n\u0131z\u0131 y\u00f6netmek i\u00e7in para yat\u0131rma ve bahis limit ara\u00e7lar\u0131n\u0131 kullan\u0131n.<\/li>\n<li data-start=\"4729\" data-end=\"4803\">Oyun seanslar\u0131 aras\u0131nda d\u00fczenli aralar verin ve mola s\u00fcrelerini kullan\u0131n.<\/li>\n<li data-start=\"4806\" data-end=\"4914\">Stresli, depresif ya da ila\u00e7, uyu\u015fturucu veya alkol etkisi alt\u0131ndayken kumar oynamaktan ka\u00e7\u0131n\u0131n.<\/li>\n<\/ul>\n<p data-start=\"4916\" data-end=\"5095\">Kontrol\u00fc kaybetti\u011finizi hissederseniz www.casino.com \u00fczerinden bizimle ileti\u015fime ge\u00e7in. <strong data-start=\"4971\" data-end=\"4989\"><a class=\"\" href=\"http:\/\/www.casino.com\" target=\"_new\" rel=\"noopener\" data-start=\"4973\" data-end=\"4987\">www.casino.com<\/a><\/strong>Destek ekibimiz \u00fccretsiz olarak hizmetinizdedir ve sorumlu kumar konusunda yard\u0131m sa\u011flar.<\/p>\n<h4 data-start=\"5102\" data-end=\"5121\">Yard\u0131m almak:<\/h4>\n<p data-start=\"5123\" data-end=\"5273\">Kumardan kaynaklanan bir sorun olu\u015ftu\u011fundan \u015f\u00fcpheleniyorsan\u0131z, \u00fccretsiz ve gizli yard\u0131m i\u00e7in profesyonel destek kurulu\u015flar\u0131yla ileti\u015fime ge\u00e7menizi tavsiye ederiz:<\/p>\n<ul data-start=\"5275\" data-end=\"5519\">\n<li data-start=\"5275\" data-end=\"5410\">\n<p data-start=\"5277\" data-end=\"5410\">Kumar <strong data-start=\"5283\" data-end=\"5334\"><a class=\"\" href=\"https:\/\/www.begambleaware.org\/\" target=\"_new\" rel=\"noopener\" data-start=\"5285\" data-end=\"5332\">BeGambleAware<\/a><\/strong> ba\u011f\u0131ml\u0131l\u0131\u011f\u0131 hakk\u0131nda daha fazla bilgi almak ve kendi kendinize de\u011ferlendirme yapmak i\u00e7in \u2019i ziyaret edin.<\/p>\n<\/li>\n<li data-start=\"5411\" data-end=\"5519\">\n<p data-start=\"5413\" data-end=\"5519\">\u00c7ok dilli destek ve dan\u0131\u015fmanl\u0131k i\u00e7in \u2019yi ziyaret edin. <strong data-start=\"5460\" data-end=\"5516\"><a class=\"\" href=\"https:\/\/www.gamblingtherapy.org\/\" target=\"_new\" rel=\"noopener\" data-start=\"5462\" data-end=\"5514\">Gambling Therapy<\/a><\/strong>.<\/p>\n<\/li>\n<\/ul>\n<\/div><\/div><\/div><\/div><\/div>","protected":false},"excerpt":{"rendered":"","protected":false},"author":4,"featured_media":0,"parent":0,"menu_order":0,"comment_status":"closed","ping_status":"closed","template":"","meta":{"_acf_changed":false,"footnotes":""},"class_list":["post-22111","page","type-page","status-publish","hentry"],"acf":[],"_links":{"self":[{"href":"https:\/\/gustabets.com\/tr\/wp-json\/wp\/v2\/pages\/22111","targetHints":{"allow":["GET"]}}],"collection":[{"href":"https:\/\/gustabets.com\/tr\/wp-json\/wp\/v2\/pages"}],"about":[{"href":"https:\/\/gustabets.com\/tr\/wp-json\/wp\/v2\/types\/page"}],"author":[{"embeddable":true,"href":"https:\/\/gustabets.com\/tr\/wp-json\/wp\/v2\/users\/4"}],"replies":[{"embeddable":true,"href":"https:\/\/gustabets.com\/tr\/wp-json\/wp\/v2\/comments?post=22111"}],"version-history":[{"count":6,"href":"https:\/\/gustabets.com\/tr\/wp-json\/wp\/v2\/pages\/22111\/revisions"}],"predecessor-version":[{"id":25488,"href":"https:\/\/gustabets.com\/tr\/wp-json\/wp\/v2\/pages\/22111\/revisions\/25488"}],"wp:attachment":[{"href":"https:\/\/gustabets.com\/tr\/wp-json\/wp\/v2\/media?parent=22111"}],"curies":[{"name":"wp","href":"https:\/\/api.w.org\/{rel}","templated":true}]}}