{"id":22162,"date":"2025-08-12T15:10:27","date_gmt":"2025-08-12T15:10:27","guid":{"rendered":"https:\/\/casino3.myrwds.net\/?page_id=22162"},"modified":"2025-08-12T15:12:32","modified_gmt":"2025-08-12T15:12:32","slug":"faqs","status":"publish","type":"page","link":"https:\/\/gustabets.com\/tr\/faqs\/","title":{"rendered":"FAQs"},"content":{"rendered":"<div class=\"fusion-fullwidth fullwidth-box fusion-builder-row-1 fusion-flex-container has-pattern-background has-mask-background home-right no-promo hundred-percent-fullwidth non-hundred-percent-height-scrolling\" style=\"--awb-border-radius-top-left:0px;--awb-border-radius-top-right:0px;--awb-border-radius-bottom-right:0px;--awb-border-radius-bottom-left:0px;--awb-margin-top:65px;--awb-margin-top-small:0px;\" ><div class=\"fusion-builder-row fusion-row fusion-flex-align-items-flex-start\" style=\"width:104% !important;max-width:104% !important;margin-left: calc(-4% \/ 2 );margin-right: calc(-4% \/ 2 );\"><div class=\"fusion-layout-column fusion_builder_column fusion-builder-column-0 fusion_builder_column_1_1 1_1 fusion-flex-column home-right\" style=\"--awb-padding-top:40px;--awb-padding-right:48px;--awb-padding-bottom:40px;--awb-padding-left:48px;--awb-overflow:hidden;--awb-bg-color:#374256;--awb-bg-size:cover;--awb-border-radius:24px 24px 24px 24px;--awb-width-large:100%;--awb-margin-top-large:40px;--awb-spacing-right-large:1.92%;--awb-margin-bottom-large:40px;--awb-spacing-left-large:1.92%;--awb-width-medium:100%;--awb-order-medium:0;--awb-spacing-right-medium:1.92%;--awb-spacing-left-medium:1.92%;--awb-width-small:100%;--awb-order-small:0;--awb-spacing-right-small:1.92%;--awb-spacing-left-small:1.92%;\"><div class=\"fusion-column-wrapper fusion-column-has-shadow fusion-flex-justify-content-flex-start fusion-content-layout-column\"><div class=\"accordian fusion-accordian\" style=\"--awb-padding-top:10px;--awb-padding-right:10px;--awb-padding-bottom:10px;--awb-padding-left:10px;--awb-border-size:1px;--awb-icon-size:13px;--awb-content-font-size:15px;--awb-icon-alignment:left;--awb-hover-color:hsla(var(--awb-color8-h),var(--awb-color8-s),calc( var(--awb-color8-l) + 98% ),var(--awb-color8-a));--awb-border-color:hsla(var(--awb-color8-h),var(--awb-color8-s),calc( var(--awb-color8-l) + 80% ),var(--awb-color8-a));--awb-background-color:var(--awb-color1);--awb-divider-color:var(--awb-color6);--awb-divider-hover-color:var(--awb-color6);--awb-icon-color:var(--awb-color1);--awb-title-color:var(--awb-color1);--awb-content-color:var(--awb-color1);--awb-icon-box-color:#000000;--awb-toggle-hover-accent-color:var(--awb-color4);--awb-title-font-family:&quot;Montserrat&quot;;--awb-title-font-weight:700;--awb-title-font-style:normal;--awb-content-font-family:&quot;Open Sans&quot;;--awb-content-font-style:normal;--awb-content-font-weight:400;\"><div class=\"panel-group fusion-toggle-icon-boxed\" id=\"accordion-22162-1\"><div class=\"fusion-panel panel-default faq-accordion panel-44e2e22e5d6edec83 fusion-toggle-no-divider\" style=\"--awb-title-color:var(--awb-color1);\"><div class=\"panel-heading\"><h4 class=\"panel-title toggle\" id=\"toggle_44e2e22e5d6edec83\"><a aria-expanded=\"false\" aria-controls=\"44e2e22e5d6edec83\" role=\"button\" data-toggle=\"collapse\" data-target=\"#44e2e22e5d6edec83\" href=\"#44e2e22e5d6edec83\"><span class=\"fusion-toggle-icon-wrapper\" aria-hidden=\"true\"><i class=\"fa-fusion-box active-icon awb-icon-minus\" aria-hidden=\"true\"><\/i><i class=\"fa-fusion-box inactive-icon awb-icon-plus\" aria-hidden=\"true\"><\/i><\/span><span class=\"fusion-toggle-heading\">Nas\u0131l kay\u0131t olunur?<\/span><\/a><\/h4><\/div><div id=\"44e2e22e5d6edec83\" class=\"panel-collapse collapse\" araia-labelledby=\"toggle_44e2e22e5d6edec83\"><div class=\"panel-body toggle-content fusion-clearfix\">\n<p>3 basit ad\u0131mda kay\u0131t olun:<\/p>\n<p>Ana sayfan\u0131n sa\u011f \u00fcst k\u00f6\u015fesinde bulunan \u201cKay\u0131t Ol\u201d butonuna t\u0131klay\u0131n.<\/p>\n<p>Tercih etti\u011finiz e-posta adresini ve \u015fifrenizi se\u00e7in. \u015eifreniz en az 8 karakterden olu\u015fmal\u0131 (1 k\u00fc\u00e7\u00fck harf ve 1 rakam i\u00e7ermeli). T\u00fcm bilgilerin do\u011fru oldu\u011fundan emin olun ve \u015eartlar ve Ko\u015fullar\u0131m\u0131z\u0131 kabul edin.<\/p>\n<p>\u201cKay\u0131t Ol\u201d butonuna t\u0131klay\u0131n!<\/p>\n<\/div><\/div><\/div><div class=\"fusion-panel panel-default faq-accordion panel-61bd07c1c194d66da fusion-toggle-no-divider\" style=\"--awb-title-color:var(--awb-color1);\"><div class=\"panel-heading\"><h4 class=\"panel-title toggle\" id=\"toggle_61bd07c1c194d66da\"><a aria-expanded=\"false\" aria-controls=\"61bd07c1c194d66da\" role=\"button\" data-toggle=\"collapse\" data-target=\"#61bd07c1c194d66da\" href=\"#61bd07c1c194d66da\"><span class=\"fusion-toggle-icon-wrapper\" aria-hidden=\"true\"><i class=\"fa-fusion-box active-icon awb-icon-minus\" aria-hidden=\"true\"><\/i><i class=\"fa-fusion-box inactive-icon awb-icon-plus\" aria-hidden=\"true\"><\/i><\/span><span class=\"fusion-toggle-heading\">\u015eifremi unuttum?<\/span><\/a><\/h4><\/div><div id=\"61bd07c1c194d66da\" class=\"panel-collapse collapse\" araia-labelledby=\"toggle_61bd07c1c194d66da\"><div class=\"panel-body toggle-content fusion-clearfix\">\n<p>a. Giri\u015f yapmad\u0131ysan\u0131z:<\/p>\n<p>Ana sayfan\u0131n sa\u011f \u00fcst k\u00f6\u015fesinde yer alan \u201c\u015eifrenizi mi unuttunuz\u201d b\u00f6l\u00fcm\u00fcndeki \u201cGiri\u015f\u201d butonuna t\u0131klay\u0131n. \u015eifrenizi s\u0131f\u0131rlamak i\u00e7in gelen kutunuza veya spam klas\u00f6r\u00fcn\u00fcze bir e-posta g\u00f6nderilecektir.<\/p>\n<p>b. Giri\u015f yapt\u0131ysan\u0131z:<\/p>\n<p>Sol \u00fcst k\u00f6\u015fede ye\u015fil ki\u015fi simgesinin alt\u0131nda bulunan \u201cKi\u015fisel Bilgiler ve Bakiye\u201d b\u00f6l\u00fcm\u00fcnde \u201c\u015eifreyi de\u011fi\u015ftir\u201d se\u00e7ene\u011fine t\u0131klay\u0131n. \u015eifrenizi s\u0131f\u0131rlamak i\u00e7in gelen kutunuza veya spam klas\u00f6r\u00fcn\u00fcze bir e-posta g\u00f6nderilecektir.<\/p>\n<\/div><\/div><\/div><div class=\"fusion-panel panel-default faq-accordion panel-f139a489bc10fb111 fusion-toggle-no-divider\" style=\"--awb-title-color:var(--awb-color1);\"><div class=\"panel-heading\"><h4 class=\"panel-title toggle\" id=\"toggle_f139a489bc10fb111\"><a aria-expanded=\"false\" aria-controls=\"f139a489bc10fb111\" role=\"button\" data-toggle=\"collapse\" data-target=\"#f139a489bc10fb111\" href=\"#f139a489bc10fb111\"><span class=\"fusion-toggle-icon-wrapper\" aria-hidden=\"true\"><i class=\"fa-fusion-box active-icon awb-icon-minus\" aria-hidden=\"true\"><\/i><i class=\"fa-fusion-box inactive-icon awb-icon-plus\" aria-hidden=\"true\"><\/i><\/span><span class=\"fusion-toggle-heading\">Ki\u015fisel bilgilerimi nas\u0131l de\u011fi\u015ftirebilirim?<\/span><\/a><\/h4><\/div><div id=\"f139a489bc10fb111\" class=\"panel-collapse collapse\" araia-labelledby=\"toggle_f139a489bc10fb111\"><div class=\"panel-body toggle-content fusion-clearfix\">\n<p>Ad\u0131n\u0131z veya soyad\u0131n\u0131z\u0131n doldurulmas\u0131 s\u0131ras\u0131nda bariz bir hata yap\u0131lm\u0131\u015fsa (\u00f6rne\u011fin, Andrew yerine Adrew yaz\u0131lm\u0131\u015fsa), sadece bu bilgileri de\u011fi\u015ftirebiliriz. Bunun i\u00e7in l\u00fctfen e-posta veya Canl\u0131 Sohbet yoluyla bizimle ileti\u015fime ge\u00e7in.<\/p>\n<\/div><\/div><\/div><\/div><\/div><div class=\"fusion-text fusion-text-1 fusion-text-no-margin\" style=\"--awb-margin-bottom:0px;\"><h3 style=\"margin-bottom: 5px;\">T\u00fcrk\u00e7e: PARA YATIRMA VE \u00c7EKME \u0130\u015eLEMLER\u0130<\/h3>\n<\/div><div class=\"accordian fusion-accordian\" style=\"--awb-padding-top:10px;--awb-padding-right:10px;--awb-padding-bottom:10px;--awb-padding-left:10px;--awb-border-size:1px;--awb-icon-size:13px;--awb-content-font-size:15px;--awb-icon-alignment:left;--awb-hover-color:hsla(var(--awb-color8-h),var(--awb-color8-s),calc( var(--awb-color8-l) + 98% ),var(--awb-color8-a));--awb-border-color:hsla(var(--awb-color8-h),var(--awb-color8-s),calc( var(--awb-color8-l) + 80% ),var(--awb-color8-a));--awb-background-color:var(--awb-color1);--awb-divider-color:var(--awb-color6);--awb-divider-hover-color:var(--awb-color6);--awb-icon-color:var(--awb-color1);--awb-title-color:var(--awb-color1);--awb-content-color:var(--awb-color1);--awb-icon-box-color:#000000;--awb-toggle-hover-accent-color:var(--awb-color4);--awb-title-font-family:&quot;Montserrat&quot;;--awb-title-font-weight:700;--awb-title-font-style:normal;--awb-content-font-family:&quot;Open Sans&quot;;--awb-content-font-style:normal;--awb-content-font-weight:400;\"><div class=\"panel-group fusion-toggle-icon-boxed\" id=\"accordion-22162-2\"><div class=\"fusion-panel panel-default faq-accordion panel-a019226fc84e56597 fusion-toggle-no-divider\" style=\"--awb-title-color:var(--awb-color1);\"><div class=\"panel-heading\"><h4 class=\"panel-title toggle\" id=\"toggle_a019226fc84e56597\"><a aria-expanded=\"false\" aria-controls=\"a019226fc84e56597\" role=\"button\" data-toggle=\"collapse\" data-target=\"#a019226fc84e56597\" href=\"#a019226fc84e56597\"><span class=\"fusion-toggle-icon-wrapper\" aria-hidden=\"true\"><i class=\"fa-fusion-box active-icon awb-icon-minus\" aria-hidden=\"true\"><\/i><i class=\"fa-fusion-box inactive-icon awb-icon-plus\" aria-hidden=\"true\"><\/i><\/span><span class=\"fusion-toggle-heading\">Para yat\u0131rma nas\u0131l yap\u0131l\u0131r?<\/span><\/a><\/h4><\/div><div id=\"a019226fc84e56597\" class=\"panel-collapse collapse\" araia-labelledby=\"toggle_a019226fc84e56597\"><div class=\"panel-body toggle-content fusion-clearfix\">\n<p>Ana sayfan\u0131n sa\u011f \u00fcst k\u00f6\u015fesinde bulunan \u201cPara Yat\u0131r\u201d butonuna t\u0131klay\u0131n, spinolo.com\u2019da kabul edilen \u00f6deme y\u00f6ntemlerinin bir listesini g\u00f6receksiniz.<\/p>\n<p>Para yat\u0131rma y\u00f6ntemini se\u00e7in: Visa ve Mastercard, Nakit yat\u0131rma veya banka havalesi.<\/p>\n<p>Bilgilerinizi girin ve spinoloco.com deneyiminin keyfini \u00e7\u0131kar\u0131n.<\/p>\n<p>Visa veya Mastercard ile para yat\u0131rmak isterseniz, yat\u0131rmak istedi\u011finiz tutar\u0131 se\u00e7in ve \u201cVisa\/Mastercard\u201d butonuna t\u0131klay\u0131n, bilgilerinizi girin ve i\u015flem tamamd\u0131r.<\/p>\n<p>\u00d6deme y\u00f6ntemlerimizden herhangi biri hakk\u0131nda yard\u0131ma veya daha fazla bilgiye ihtiyac\u0131n\u0131z olursa, l\u00fctfen\u00a0<a href=\"mailto:support@gustacasino.com\">support@casino.com<\/a>\u00a0adresinden veya canl\u0131 sohbetten bizimle ileti\u015fime ge\u00e7in.<\/p>\n<\/div><\/div><\/div><div class=\"fusion-panel panel-default faq-accordion panel-0e51c6a47c8a4f105 fusion-toggle-no-divider\" style=\"--awb-title-color:var(--awb-color1);\"><div class=\"panel-heading\"><h4 class=\"panel-title toggle\" id=\"toggle_0e51c6a47c8a4f105\"><a aria-expanded=\"false\" aria-controls=\"0e51c6a47c8a4f105\" role=\"button\" data-toggle=\"collapse\" data-target=\"#0e51c6a47c8a4f105\" href=\"#0e51c6a47c8a4f105\"><span class=\"fusion-toggle-icon-wrapper\" aria-hidden=\"true\"><i class=\"fa-fusion-box active-icon awb-icon-minus\" aria-hidden=\"true\"><\/i><i class=\"fa-fusion-box inactive-icon awb-icon-plus\" aria-hidden=\"true\"><\/i><\/span><span class=\"fusion-toggle-heading\">Minimum ve maksimum para yat\u0131rma tutar\u0131 nedir?<\/span><\/a><\/h4><\/div><div id=\"0e51c6a47c8a4f105\" class=\"panel-collapse collapse\" araia-labelledby=\"toggle_0e51c6a47c8a4f105\"><div class=\"panel-body toggle-content fusion-clearfix\">\n<p>Minimum ve maksimum tutarlar kullan\u0131lan \u00f6deme y\u00f6ntemine ba\u011fl\u0131 olarak de\u011fi\u015febilir ve zaman zaman g\u00fcncellenebilir. G\u00fcncel tutarlar web sitesinin sa\u011f \u00fcst k\u00f6\u015fesinde bulunan \u201cPara Yat\u0131r\u201d b\u00f6l\u00fcm\u00fcnde g\u00f6r\u00fclebilir.<\/p>\n<\/div><\/div><\/div><\/div><\/div><\/div><\/div><\/div><\/div>","protected":false},"excerpt":{"rendered":"","protected":false},"author":4,"featured_media":0,"parent":0,"menu_order":0,"comment_status":"closed","ping_status":"closed","template":"","meta":{"_acf_changed":false,"footnotes":""},"class_list":["post-22162","page","type-page","status-publish","hentry"],"acf":[],"_links":{"self":[{"href":"https:\/\/gustabets.com\/tr\/wp-json\/wp\/v2\/pages\/22162","targetHints":{"allow":["GET"]}}],"collection":[{"href":"https:\/\/gustabets.com\/tr\/wp-json\/wp\/v2\/pages"}],"about":[{"href":"https:\/\/gustabets.com\/tr\/wp-json\/wp\/v2\/types\/page"}],"author":[{"embeddable":true,"href":"https:\/\/gustabets.com\/tr\/wp-json\/wp\/v2\/users\/4"}],"replies":[{"embeddable":true,"href":"https:\/\/gustabets.com\/tr\/wp-json\/wp\/v2\/comments?post=22162"}],"version-history":[{"count":14,"href":"https:\/\/gustabets.com\/tr\/wp-json\/wp\/v2\/pages\/22162\/revisions"}],"predecessor-version":[{"id":22189,"href":"https:\/\/gustabets.com\/tr\/wp-json\/wp\/v2\/pages\/22162\/revisions\/22189"}],"wp:attachment":[{"href":"https:\/\/gustabets.com\/tr\/wp-json\/wp\/v2\/media?parent=22162"}],"curies":[{"name":"wp","href":"https:\/\/api.w.org\/{rel}","templated":true}]}}