{"id":5496,"date":"2018-05-31T05:13:11","date_gmt":"2018-05-31T05:13:11","guid":{"rendered":"https:\/\/casino3.myrwds.net\/?page_id=5496"},"modified":"2025-09-05T12:30:02","modified_gmt":"2025-09-05T12:30:02","slug":"terms-and-conditions","status":"publish","type":"page","link":"https:\/\/gustabets.com\/tr\/terms-and-conditions\/","title":{"rendered":"\u015eartlar ve Ko\u015fullar"},"content":{"rendered":"<div class=\"fusion-fullwidth fullwidth-box fusion-builder-row-1 fusion-flex-container has-pattern-background has-mask-background home-right nonhundred-percent-fullwidth non-hundred-percent-height-scrolling\" style=\"--awb-border-radius-top-left:0px;--awb-border-radius-top-right:0px;--awb-border-radius-bottom-right:0px;--awb-border-radius-bottom-left:0px;--awb-margin-top:20px;\" ><div class=\"fusion-builder-row fusion-row fusion-flex-align-items-flex-start\" style=\"max-width:1216.8px;margin-left: calc(-4% \/ 2 );margin-right: calc(-4% \/ 2 );\"><div class=\"fusion-layout-column fusion_builder_column fusion-builder-column-0 fusion_builder_column_1_1 1_1 fusion-flex-column home-right\" style=\"--awb-bg-size:cover;--awb-width-large:100%;--awb-margin-top-large:0px;--awb-spacing-right-large:1.92%;--awb-margin-bottom-large:0px;--awb-spacing-left-large:1.92%;--awb-width-medium:100%;--awb-order-medium:0;--awb-spacing-right-medium:1.92%;--awb-spacing-left-medium:1.92%;--awb-width-small:100%;--awb-order-small:0;--awb-spacing-right-small:1.92%;--awb-spacing-left-small:1.92%;\"><div class=\"fusion-column-wrapper fusion-column-has-shadow fusion-flex-justify-content-flex-start fusion-content-layout-column\"><div class=\"fusion-text fusion-text-1\" style=\"--awb-text-color:#ffffff;\"><header class=\"entry-header\">\n<div class=\"inner\">\n<h3 class=\"entry-title\">Terms &amp; Conditions<\/h3>\n<\/div>\n<\/header>\n<div class=\"entry-content\">\n<div class=\"inner\">\n<p>\u015eartlar ve Ko\u015fullar (\u201c\u015eartlar\u201d), bu web sitesini (\u201cSite\u201d) kullan\u0131m\u0131n\u0131z\u0131 nas\u0131l d\u00fczenledi\u011fimizi a\u00e7\u0131klar. Siteyi kullan\u0131m\u0131n\u0131za ili\u015fkin uygulamalar\u0131m\u0131z\u0131 anlamak i\u00e7in l\u00fctfen a\u015fa\u011f\u0131daki bilgileri dikkatlice okuyun. \u015eirket, \u015eartlar\u0131 istedi\u011fi zaman de\u011fi\u015ftirebilir. \u015eirket, \u015eartlardaki de\u011fi\u015fiklikleri size mevcut ileti\u015fim yollar\u0131 arac\u0131l\u0131\u011f\u0131yla bildirebilir. \u015eirket, \u015eartlar\u0131n g\u00fcncel s\u00fcr\u00fcm\u00fcn\u00fc ve \u00f6nceki s\u00fcr\u00fcmlerini g\u00f6rmek i\u00e7in Siteyi s\u0131k s\u0131k kontrol etmenizi tavsiye eder.<\/p>\n<p>E\u011fer bir t\u00fczel ki\u015fili\u011fi temsil ediyorsan\u0131z, temsil etti\u011finiz t\u00fczel ki\u015filik ad\u0131na bu \u015eartlar\u0131 kabul etmeye yetkili oldu\u011funuzu onaylam\u0131\u015f olursunuz.<\/p>\n<h4><strong>1. Gizlilik Politikas\u0131<\/strong><\/h4>\n<p>Gizlilik Politikam\u0131z ayr\u0131 bir sayfada mevcuttur. Gizlilik Politikam\u0131z, hakk\u0131n\u0131zdaki bilgileri nas\u0131l i\u015fledi\u011fimizi size a\u00e7\u0131klar. Siteyi kullanman\u0131zla birlikte, bu bilgilerin i\u015flenmesinin Gizlilik Politikas\u0131 do\u011frultusunda ger\u00e7ekle\u015ftirilece\u011fini kabul etmi\u015f olursunuz.<\/p>\n<h4><strong>2. Hesab\u0131n\u0131z<\/strong><\/h4>\n<p>Siteyi kullan\u0131rken hesab\u0131n\u0131z\u0131n, \u015fifrenizin ve di\u011fer kimlik bilgilerinizin gizlili\u011fini sa\u011flamaktan ve cihaz\u0131n\u0131za g\u00fcvenli eri\u015fimden siz sorumlusunuz. Hesab\u0131n\u0131z\u0131 ba\u015fkas\u0131na devredemezsiniz. \u015eirket, hesab\u0131n\u0131z\u0131n k\u00f6t\u00fcye kullan\u0131m\u0131 veya \u00e7al\u0131nmas\u0131 sonucu ger\u00e7ekle\u015fen yetkisiz eri\u015fimlerden sorumlu de\u011fildir. \u015eirket, hizmeti reddedebilir veya iptal edebilir, hesab\u0131n\u0131z\u0131 sonland\u0131rabilir ve i\u00e7eri\u011fi kald\u0131rabilir veya d\u00fczenleyebilir.<\/p>\n<h4><strong>3. Hizmetler<\/strong><\/h4>\n<p>The Site allows you to use Services available on the Site. You shall not use the services for the illegal aims.<br \/>\nWe may, at our sole discretion, set fees for using the Site for you. We may, at our sole discretion, at any time change any fees.<br \/>\nWe may use certified payment systems which also may have their commissions. Such commissions may be implied on you when you choose a particular payment system. Detailed information about commissions of such payment systems may be found on their websites.<\/p>\n<h4><strong>4. \u00dc\u00e7\u00fcnc\u00fc Taraf Hizmetleri<\/strong><\/h4>\n<p>Site, ba\u015fka sitelere, uygulamalara ve platformlara ba\u011flant\u0131lar i\u00e7erebilir (\u201cBa\u011flant\u0131l\u0131 Siteler\u201d).<br \/>\n\u015eirket, Ba\u011flant\u0131l\u0131 Siteleri kontrol etmez ve bu sitelerin i\u00e7eriklerinden veya di\u011fer materyallerinden sorumlu de\u011fildir. \u015eirket, bu ba\u011flant\u0131lar\u0131 size yaln\u0131zca Sitedeki i\u015flevsellik veya hizmetleri sa\u011flamak amac\u0131yla sunar.<\/p>\n<h4><strong>5. Yasak Kullan\u0131mlar ve Fikri M\u00fclkiyet<\/strong><\/h4>\n<p>\u015eirket, \u015eartlara uygun olarak Siteye eri\u015fmeniz ve Siteyi kullanman\u0131z i\u00e7in size devredilemez, m\u00fcnhas\u0131r olmayan ve geri al\u0131nabilir bir lisans verir.<br \/>\nSiteyi yasa d\u0131\u015f\u0131 veya yasaklanm\u0131\u015f ama\u00e7larla kullanamazs\u0131n\u0131z. Siteyi devre d\u0131\u015f\u0131 b\u0131rakacak, zarar verecek veya i\u015fleyi\u015fine engel olacak \u015fekilde kullanamazs\u0131n\u0131z.<br \/>\nSitede bulunan t\u00fcm i\u00e7erik; metinler, kodlar, grafikler, logolar, g\u00f6rseller, derlemeler, Sitede kullan\u0131lan yaz\u0131l\u0131mlar (bundan b\u00f6yle \u201c\u0130\u00e7erik\u201d) \u015eirketin veya y\u00fcklenicilerinin m\u00fclkiyetindedir ve fikri m\u00fclkiyet yasalar\u0131 ile korunmaktad\u0131r. \u0130\u00e7erikteki telif hakk\u0131 ve di\u011fer m\u00fclkiyet bildirimlerini veya k\u0131s\u0131tlamalar\u0131n\u0131 kullanmay\u0131 kabul edersiniz ve \u0130\u00e7eri\u011fi de\u011fi\u015ftirmek yasakt\u0131r.<\/p>\n<p>\u0130\u00e7eri\u011fi yay\u0131mlayamaz, iletemez, de\u011fi\u015ftiremez, tersine m\u00fchendislik yapamaz, devrine kat\u0131lamaz, t\u00fcrev eserler olu\u015fturup satamaz veya herhangi bir \u015fekilde kullanamazs\u0131n\u0131z. Siteyi kullanman\u0131z, \u0130\u00e7eri\u011fi yasa d\u0131\u015f\u0131 veya izinsiz bir \u015fekilde kullanma hakk\u0131 vermez ve \u00f6zellikle \u0130\u00e7erikteki m\u00fclkiyet haklar\u0131n\u0131 veya bildirimlerini de\u011fi\u015ftiremezsiniz. \u0130\u00e7eri\u011fi yaln\u0131zca ki\u015fisel ve ticari olmayan kullan\u0131m\u0131n\u0131z i\u00e7in kullanabilirsiniz. \u015eirket size \u015eirketin fikri m\u00fclkiyetine ili\u015fkin herhangi bir lisans vermez.<\/p>\n<h4><strong>6. \u015eirket Materyalleri<\/strong><\/h4>\n<p>\u0130\u00e7eri\u011finizi y\u00fckleyerek, g\u00f6ndererek, sa\u011flayarak veya sunarak, \u015eirkete \u0130\u00e7eri\u011finizi \u015eirket faaliyetleri kapsam\u0131nda kullanma hakk\u0131 vermi\u015f olursunuz. Bu haklar; \u0130\u00e7eri\u011finizi iletme, halka a\u00e7\u0131k \u015fekilde g\u00f6sterme, da\u011f\u0131tma, kamuya a\u00e7\u0131k icra etme, kopyalama, \u00e7o\u011faltma, \u00e7evirme ve \u0130\u00e7eri\u011finizle ba\u011flant\u0131l\u0131 olarak ad\u0131n\u0131z\u0131 yay\u0131mlama haklar\u0131n\u0131 da i\u00e7erir.<br \/>\n\u0130\u00e7eri\u011finizin kullan\u0131m\u0131 ile ilgili olarak size herhangi bir \u00f6deme yap\u0131lmayacakt\u0131r. \u015eirket, g\u00f6nderdi\u011finiz herhangi bir \u0130\u00e7eri\u011fi yay\u0131mlamak veya kullanmak zorunda de\u011fildir ve \u0130\u00e7eri\u011finizi diledi\u011fi zaman kald\u0131rabilir.<\/p>\n<p>\u0130\u00e7eri\u011finizi y\u00fckleyerek, g\u00f6ndererek veya sunarak, \u0130\u00e7eri\u011finiz \u00fczerindeki t\u00fcm haklara sahip oldu\u011funuzu beyan ve garanti etmi\u015f olursunuz.<\/p>\n<h4><strong>7. Belirli Y\u00fck\u00fcml\u00fcl\u00fcklerden Feragat<\/strong><\/h4>\n<p>Site \u00fczerinden sunulan bilgiler yaz\u0131m hatalar\u0131 veya yanl\u0131\u015fl\u0131klar i\u00e7erebilir. \u015eirket bu yanl\u0131\u015fl\u0131klardan veya hatalardan sorumlu tutulamaz.<br \/>\n\u015eirket, Sitede yer alan \u0130\u00e7eriklerin ve hizmetlerin kullan\u0131labilirli\u011fi, do\u011frulu\u011fu, g\u00fcvenilirli\u011fi, uygunlu\u011fu veya zamanlamas\u0131 hakk\u0131nda herhangi bir beyanda bulunmaz. Uygulanabilir yasan\u0131n izin verdi\u011fi azami \u00f6l\u00e7\u00fcde, t\u00fcm \u0130\u00e7erik ve hizmetler \u201coldu\u011fu gibi\u201d sa\u011flan\u0131r. \u015eirket, bu \u0130\u00e7erik ve hizmetlere ili\u015fkin t\u00fcm garantileri ve ko\u015fullar\u0131, ticari elveri\u015flilik ve belirli bir amaca uygunluk garantileri dahil olmak \u00fczere reddeder.<\/p>\n<p>Y\u00fcr\u00fcrl\u00fckteki yasan\u0131n izin verdi\u011fi azami \u00f6l\u00e7\u00fcde, hi\u00e7bir durumda \u015eirket; do\u011frudan, dolayl\u0131, ar\u0131zi, sonu\u00e7sal, \u00f6zel, cezai zararlardan (\u00f6rne\u011fin zevk kayb\u0131, veri veya k\u00e2r kayb\u0131) sorumlu tutulamaz. Bu, Siteyi veya hizmetlerini kullanamama ya da kullan\u0131m\u0131ndaki gecikme, Sitedeki herhangi bir \u0130\u00e7erik ya da Site kullan\u0131m\u0131ndan do\u011fan di\u011fer nedenlerden kaynaklanan zararlar\u0131 da kapsar.<\/p>\n<p>Belirli durumlarda sonu\u00e7sal veya ar\u0131zi zararlar i\u00e7in sorumluluk reddi veya s\u0131n\u0131rlamas\u0131 yasaklanm\u0131\u015fsa, bu s\u0131n\u0131rlama size uygulanmaz.<\/p>\n<h4><strong>8. Tazminat<\/strong><\/h4>\n<p>\u015eirketi, y\u00f6neticilerini, direkt\u00f6rlerini, \u00e7al\u0131\u015fanlar\u0131n\u0131, temsilcilerini ve \u00fc\u00e7\u00fcnc\u00fc taraflar\u0131; Siteyi veya hizmetlerini kullan\u0131m\u0131n\u0131zdan ya da kullanamaman\u0131zdan, \u015eirketin hizmetleri ve \u00fcr\u00fcnlerinden, \u015eartlar\u0131n ihlalinden, \u00fc\u00e7\u00fcnc\u00fc taraf haklar\u0131n\u0131n ihlalinden veya y\u00fcr\u00fcrl\u00fckteki yasalar\u0131n ihlalinden kaynaklanan t\u00fcm masraflar, kay\u0131plar, giderler (avukat \u00fccretleri dahil) ve y\u00fck\u00fcml\u00fcl\u00fckler i\u00e7in tazmin etmeyi, savunmay\u0131 ve zarars\u0131z tutmay\u0131 kabul edersiniz. \u015eirket, m\u00fcnhas\u0131r savunmay\u0131 \u00fcstlenebilir ve mevcut t\u00fcm savunmalar\u0131 ileri s\u00fcrmede \u015eirket ile i\u015f birli\u011fi yapman\u0131z gerekir.<\/p>\n<h4><strong>9. Fesih ve Eri\u015fim K\u0131s\u0131tlamas\u0131<\/strong><\/h4>\n<p>\u015eirket, \u015eartlar\u0131 ihlal etmeniz durumunda, herhangi bir bildirimde bulunmaks\u0131z\u0131n, Siteye ve ilgili hizmetlerine olan eri\u015fiminizi ve hesab\u0131n\u0131z\u0131 her zaman sonland\u0131rabilir.<\/p>\n<h4><strong>10. \u00c7e\u015fitli H\u00fck\u00fcmler<\/strong><\/h4>\n<p>\u015eartlar\u0131n ge\u00e7erli hukuku, \u015eirketin kurulu bulundu\u011fu \u00fclkenin maddi hukukudur; kanunlar ihtilaf\u0131 kurallar\u0131 hari\u00e7tir. Siteyi, \u015eartlar\u0131n t\u00fcm h\u00fck\u00fcmlerini ge\u00e7erli k\u0131lmayan yarg\u0131 alanlar\u0131nda kullanamazs\u0131n\u0131z.<\/p>\n<p>\u015eartlar veya Site kullan\u0131m\u0131 sonucunda sizinle \u015eirket aras\u0131nda hi\u00e7bir ortak giri\u015fim, ortakl\u0131k, i\u015f s\u00f6zle\u015fmesi veya temsilcilik ili\u015fkisi do\u011fmaz.<\/p>\n<p>\u015eartlarda yer alan hi\u00e7bir h\u00fck\u00fcm, \u015eirketin Siteyi kullan\u0131m\u0131n\u0131zla ilgili olarak h\u00fck\u00fcmet, mahkeme, polis ve kolluk kuvvetlerinin taleplerine veya gerekliliklerine uymas\u0131 hakk\u0131n\u0131 ortadan kald\u0131rmaz.<br \/>\n\u015eartlar\u0131n herhangi bir k\u0131sm\u0131, ge\u00e7erli hukuka g\u00f6re ge\u00e7ersiz veya uygulanamaz bulunursa, ge\u00e7ersiz veya uygulanamaz h\u00fck\u00fcmler, \u015eartlar\u0131n orijinal s\u00fcr\u00fcm\u00fcne benzer ge\u00e7erli ve uygulanabilir h\u00fck\u00fcmlerle de\u011fi\u015ftirilecek ve \u015eartlar\u0131n di\u011fer k\u0131s\u0131mlar\u0131 hem sizin hem de \u015eirket i\u00e7in ge\u00e7erli olmaya devam edecektir.<\/p>\n<p>\u015eartlar, Site kullan\u0131m\u0131n\u0131za ili\u015fkin sizinle \u015eirket aras\u0131ndaki t\u00fcm anla\u015fmay\u0131 olu\u015fturur ve elektronik, s\u00f6zl\u00fc veya yaz\u0131l\u0131 t\u00fcm \u00f6nceki ileti\u015fim ve tekliflerin yerine ge\u00e7er.<\/p>\n<p>\u015eirket ve ba\u011fl\u0131 kurulu\u015flar\u0131, y\u00fck\u00fcml\u00fcl\u00fcklerini yerine getirmekteki ba\u015far\u0131s\u0131zl\u0131k veya gecikmelerden; teknik ar\u0131zalar, do\u011fal afetler, ablukalar, ambargolar, isyanlar, d\u00fczenleyici i\u015flemler, h\u00fck\u00fcmet emirleri, ter\u00f6rist eylemler, sava\u015f veya di\u011fer m\u00fccbir sebepler nedeniyle sorumlu de\u011fildir.<br \/>\n\u015eirket ile sizin aran\u0131zda, Site veya \u015eartlarla ilgili ihtilaf, talep, uyu\u015fmazl\u0131k veya dava sebebi do\u011fmas\u0131 halinde, taraflar \u00f6nce iyi niyetli m\u00fczakerelerle \u00e7\u00f6z\u00fcm aramay\u0131; ba\u015far\u0131s\u0131z olunursa, yaln\u0131zca \u015eirketin kurulu bulundu\u011fu \u00fclkenin mahkemelerinde \u00e7\u00f6zmeyi kabul eder.<\/p>\n<h4><strong>11. \u015eikayetler<\/strong><\/h4>\n<p>Ki\u015fisel verilerinizin toplanmas\u0131 veya kullan\u0131m\u0131yla ilgili \u015fikayetleri \u00e7\u00f6zmeye kararl\u0131y\u0131z. Bu \u015eartlar veya ki\u015fisel verilerinizle ilgili uygulamalar\u0131m\u0131z hakk\u0131nda bir \u015fikayette bulunmak isterseniz, l\u00fctfen sitemizin ileti\u015fim formu \u00fczerinden bizimle ileti\u015fime ge\u00e7in. \u015eikayetinize en k\u0131sa s\u00fcrede ve her hal\u00fckarda 30 g\u00fcn i\u00e7inde yan\u0131t verece\u011fiz. Bize iletilen t\u00fcm \u015fikayetleri \u00e7\u00f6zmeyi umuyoruz, ancak \u015fikayetinizin yeterince \u00e7\u00f6z\u00fclmedi\u011fini d\u00fc\u015f\u00fcn\u00fcyorsan\u0131z, yerel veri koruma denetim otoritenizle ileti\u015fime ge\u00e7me hakk\u0131n\u0131z\u0131 sakl\u0131 tutars\u0131n\u0131z.<\/p>\n<\/div>\n<\/div>\n<\/div><\/div><\/div><\/div><\/div>","protected":false},"excerpt":{"rendered":"","protected":false},"author":1,"featured_media":0,"parent":0,"menu_order":0,"comment_status":"closed","ping_status":"closed","template":"","meta":{"_acf_changed":false,"footnotes":""},"class_list":["post-5496","page","type-page","status-publish","hentry"],"acf":[],"_links":{"self":[{"href":"https:\/\/gustabets.com\/tr\/wp-json\/wp\/v2\/pages\/5496","targetHints":{"allow":["GET"]}}],"collection":[{"href":"https:\/\/gustabets.com\/tr\/wp-json\/wp\/v2\/pages"}],"about":[{"href":"https:\/\/gustabets.com\/tr\/wp-json\/wp\/v2\/types\/page"}],"author":[{"embeddable":true,"href":"https:\/\/gustabets.com\/tr\/wp-json\/wp\/v2\/users\/1"}],"replies":[{"embeddable":true,"href":"https:\/\/gustabets.com\/tr\/wp-json\/wp\/v2\/comments?post=5496"}],"version-history":[{"count":3,"href":"https:\/\/gustabets.com\/tr\/wp-json\/wp\/v2\/pages\/5496\/revisions"}],"predecessor-version":[{"id":25485,"href":"https:\/\/gustabets.com\/tr\/wp-json\/wp\/v2\/pages\/5496\/revisions\/25485"}],"wp:attachment":[{"href":"https:\/\/gustabets.com\/tr\/wp-json\/wp\/v2\/media?parent=5496"}],"curies":[{"name":"wp","href":"https:\/\/api.w.org\/{rel}","templated":true}]}}